{"id":217,"date":"2021-06-24T10:44:51","date_gmt":"2021-06-24T10:44:51","guid":{"rendered":"https:\/\/unterinnerhof.it\/?page_id=217"},"modified":"2021-06-24T10:54:35","modified_gmt":"2021-06-24T10:54:35","slug":"special-offer","status":"publish","type":"page","link":"https:\/\/unterinnerhof.it\/de\/special-offer\/","title":{"rendered":"Leidenschaft Motorrad"},"content":{"rendered":"\n<h3 class=\"wp-block-heading\">Leistungsstarker Urlaub in S\u00fcdtirol<\/h3>\n\n\n\n<p>Motorradurlaub in S\u00fcdtirol im Bikehotel Linde am Ritten! Sie genie\u00dfen ein komfortables Hotel, nahe dem Dorfzentrum in ruhiger Lage; ein perfekter Ausgangspunkt f\u00fcr rasante Touren in ganz S\u00fcdtirol. Beginnen Sie Ihren Tag mit einem reichhaltigen Fr\u00fchst\u00fccksbuffet mit hausgemachten Schmankerln aus eigener K\u00fcche und eigenem Garten sowie mit regionalen Produkten. Dann sind Sie bereit f\u00fcr Ihr Abenteuer: spannende Touren durch S\u00fcdtirol, in die Dolomiten und in urige T\u00e4ler. Zur\u00fcck im Hotel l\u00e4dt das Bikertreffen auf der Sonnenterrasse zum geselligen Beisammensein ein. Unsere Tourenkarte enth\u00e4lt viele Tipps f\u00fcr kurvenreiche Strecken;<\/p>\n\n\n\n<figure class=\"wp-block-gallery columns-3 is-cropped wp-block-gallery-1 is-layout-flex wp-block-gallery-is-layout-flex\"><ul class=\"blocks-gallery-grid\"><li class=\"blocks-gallery-item\"><figure><a href=\"https:\/\/unterinnerhof.it\/wp-content\/uploads\/2021\/06\/moto-03.jpg\"><img decoding=\"async\" width=\"500\" height=\"430\" data-src=\"https:\/\/unterinnerhof.it\/wp-content\/uploads\/2021\/06\/moto-03.jpg\" alt=\"\" data-id=\"51\" data-full-url=\"https:\/\/unterinnerhof.it\/wp-content\/uploads\/2021\/06\/moto-03.jpg\" data-link=\"https:\/\/unterinnerhof.it\/special-offer\/moto-03\/\" class=\"wp-image-222 lazyload\" data-srcset=\"https:\/\/unterinnerhof.it\/wp-content\/uploads\/2021\/06\/moto-03.jpg 500w, https:\/\/unterinnerhof.it\/wp-content\/uploads\/2021\/06\/moto-03-300x258.jpg 300w\" data-sizes=\"(max-width: 500px) 100vw, 500px\" src=\"data:image\/svg+xml;base64,PHN2ZyB3aWR0aD0iMSIgaGVpZ2h0PSIxIiB4bWxucz0iaHR0cDovL3d3dy53My5vcmcvMjAwMC9zdmciPjwvc3ZnPg==\" style=\"--smush-placeholder-width: 500px; --smush-placeholder-aspect-ratio: 500\/430;\" \/><\/a><\/figure><\/li><li class=\"blocks-gallery-item\"><figure><a href=\"https:\/\/unterinnerhof.it\/wp-content\/uploads\/2021\/06\/moto-04.jpg\"><img decoding=\"async\" width=\"500\" height=\"430\" data-src=\"https:\/\/unterinnerhof.it\/wp-content\/uploads\/2021\/06\/moto-04.jpg\" alt=\"\" data-id=\"52\" data-full-url=\"https:\/\/unterinnerhof.it\/wp-content\/uploads\/2021\/06\/moto-04.jpg\" data-link=\"https:\/\/unterinnerhof.it\/special-offer\/moto-04\/\" class=\"wp-image-223 lazyload\" data-srcset=\"https:\/\/unterinnerhof.it\/wp-content\/uploads\/2021\/06\/moto-04.jpg 500w, https:\/\/unterinnerhof.it\/wp-content\/uploads\/2021\/06\/moto-04-300x258.jpg 300w\" data-sizes=\"(max-width: 500px) 100vw, 500px\" src=\"data:image\/svg+xml;base64,PHN2ZyB3aWR0aD0iMSIgaGVpZ2h0PSIxIiB4bWxucz0iaHR0cDovL3d3dy53My5vcmcvMjAwMC9zdmciPjwvc3ZnPg==\" style=\"--smush-placeholder-width: 500px; --smush-placeholder-aspect-ratio: 500\/430;\" \/><\/a><\/figure><\/li><li class=\"blocks-gallery-item\"><figure><a href=\"https:\/\/unterinnerhof.it\/wp-content\/uploads\/2021\/06\/moto-06.jpg\"><img decoding=\"async\" width=\"500\" height=\"430\" data-src=\"https:\/\/unterinnerhof.it\/wp-content\/uploads\/2021\/06\/moto-06.jpg\" alt=\"\" data-id=\"53\" data-full-url=\"https:\/\/unterinnerhof.it\/wp-content\/uploads\/2021\/06\/moto-06.jpg\" data-link=\"https:\/\/unterinnerhof.it\/special-offer\/moto-06\/\" class=\"wp-image-224 lazyload\" data-srcset=\"https:\/\/unterinnerhof.it\/wp-content\/uploads\/2021\/06\/moto-06.jpg 500w, https:\/\/unterinnerhof.it\/wp-content\/uploads\/2021\/06\/moto-06-300x258.jpg 300w\" data-sizes=\"(max-width: 500px) 100vw, 500px\" src=\"data:image\/svg+xml;base64,PHN2ZyB3aWR0aD0iMSIgaGVpZ2h0PSIxIiB4bWxucz0iaHR0cDovL3d3dy53My5vcmcvMjAwMC9zdmciPjwvc3ZnPg==\" style=\"--smush-placeholder-width: 500px; --smush-placeholder-aspect-ratio: 500\/430;\" \/><\/a><\/figure><\/li><\/ul><\/figure>\n\n\n\n<h3 class=\"wp-block-heading\">Unser Bikehotel in S\u00fcdtirol bietet<\/h3>\n\n\n\n<ul class=\"wp-block-list\"><li>Komfortable Einzel-, Doppel- und Dreibettzimmer<\/li><li>Kostenlose Parkpl\u00e4tze in der Tiefgarage (nach Verf\u00fcgbarkeit)<\/li><li>Waschgelegenheit und Reparaturecke<\/li><li>Biker-Treffen<\/li><li>Tourenkarte mit Tipps<\/li><\/ul>\n","protected":false},"excerpt":{"rendered":"<p>Leistungsstarker Urlaub in S\u00fcdtirol Motorradurlaub in S\u00fcdtirol im Bikehotel Linde am Ritten! Sie genie\u00dfen ein komfortables Hotel, nahe dem Dorfzentrum in ruhiger Lage; ein perfekter Ausgangspunkt f\u00fcr rasante Touren in ganz S\u00fcdtirol. Beginnen Sie Ihren Tag mit einem reichhaltigen Fr\u00fchst\u00fccksbuffet mit hausgemachten Schmankerln aus eigener K\u00fcche und eigenem Garten sowie mit regionalen Produkten. Dann sind [&hellip;]<\/p>\n","protected":false},"author":1,"featured_media":219,"parent":0,"menu_order":0,"comment_status":"closed","ping_status":"closed","template":"","meta":{"footnotes":""},"class_list":["post-217","page","type-page","status-publish","has-post-thumbnail","hentry"],"yoast_head":"<!-- This site is optimized with the Yoast SEO plugin v27.5 - https:\/\/yoast.com\/product\/yoast-seo-wordpress\/ -->\n<title>Leidenschaft Motorrad - Panoramahotel Unterinnerhof<\/title>\n<meta name=\"robots\" content=\"index, follow, max-snippet:-1, max-image-preview:large, max-video-preview:-1\" \/>\n<link rel=\"canonical\" href=\"https:\/\/unterinnerhof.it\/de\/special-offer\/\" \/>\n<meta property=\"og:locale\" content=\"de_DE\" \/>\n<meta property=\"og:type\" content=\"article\" \/>\n<meta property=\"og:title\" content=\"Leidenschaft Motorrad - Panoramahotel Unterinnerhof\" \/>\n<meta property=\"og:description\" content=\"Leistungsstarker Urlaub in S\u00fcdtirol Motorradurlaub in S\u00fcdtirol im Bikehotel Linde am Ritten! Sie genie\u00dfen ein komfortables Hotel, nahe dem Dorfzentrum in ruhiger Lage; ein perfekter Ausgangspunkt f\u00fcr rasante Touren in ganz S\u00fcdtirol. Beginnen Sie Ihren Tag mit einem reichhaltigen Fr\u00fchst\u00fccksbuffet mit hausgemachten Schmankerln aus eigener K\u00fcche und eigenem Garten sowie mit regionalen Produkten. Dann sind [&hellip;]\" \/>\n<meta property=\"og:url\" content=\"https:\/\/unterinnerhof.it\/de\/special-offer\/\" \/>\n<meta property=\"og:site_name\" content=\"Panoramahotel Unterinnerhof\" \/>\n<meta property=\"article:modified_time\" content=\"2021-06-24T10:54:35+00:00\" \/>\n<meta property=\"og:image\" content=\"https:\/\/unterinnerhof.it\/wp-content\/uploads\/2021\/06\/moto-05.jpg\" \/>\n\t<meta property=\"og:image:width\" content=\"1544\" \/>\n\t<meta property=\"og:image:height\" content=\"580\" \/>\n\t<meta property=\"og:image:type\" content=\"image\/jpeg\" \/>\n<meta name=\"twitter:card\" content=\"summary_large_image\" \/>\n<meta name=\"twitter:label1\" content=\"Gesch\u00e4tzte Lesezeit\" \/>\n\t<meta name=\"twitter:data1\" content=\"2\u00a0Minuten\" \/>\n<script type=\"application\/ld+json\" class=\"yoast-schema-graph\">{\"@context\":\"https:\\\/\\\/schema.org\",\"@graph\":[{\"@type\":\"WebPage\",\"@id\":\"https:\\\/\\\/unterinnerhof.it\\\/de\\\/special-offer\\\/\",\"url\":\"https:\\\/\\\/unterinnerhof.it\\\/de\\\/special-offer\\\/\",\"name\":\"Leidenschaft Motorrad - Panoramahotel Unterinnerhof\",\"isPartOf\":{\"@id\":\"https:\\\/\\\/unterinnerhof.it\\\/de\\\/#website\"},\"primaryImageOfPage\":{\"@id\":\"https:\\\/\\\/unterinnerhof.it\\\/de\\\/special-offer\\\/#primaryimage\"},\"image\":{\"@id\":\"https:\\\/\\\/unterinnerhof.it\\\/de\\\/special-offer\\\/#primaryimage\"},\"thumbnailUrl\":\"https:\\\/\\\/unterinnerhof.it\\\/wp-content\\\/uploads\\\/2021\\\/06\\\/moto-05.jpg\",\"datePublished\":\"2021-06-24T10:44:51+00:00\",\"dateModified\":\"2021-06-24T10:54:35+00:00\",\"breadcrumb\":{\"@id\":\"https:\\\/\\\/unterinnerhof.it\\\/de\\\/special-offer\\\/#breadcrumb\"},\"inLanguage\":\"de\",\"potentialAction\":[{\"@type\":\"ReadAction\",\"target\":[\"https:\\\/\\\/unterinnerhof.it\\\/de\\\/special-offer\\\/\"]}]},{\"@type\":\"ImageObject\",\"inLanguage\":\"de\",\"@id\":\"https:\\\/\\\/unterinnerhof.it\\\/de\\\/special-offer\\\/#primaryimage\",\"url\":\"https:\\\/\\\/unterinnerhof.it\\\/wp-content\\\/uploads\\\/2021\\\/06\\\/moto-05.jpg\",\"contentUrl\":\"https:\\\/\\\/unterinnerhof.it\\\/wp-content\\\/uploads\\\/2021\\\/06\\\/moto-05.jpg\",\"width\":1544,\"height\":580},{\"@type\":\"BreadcrumbList\",\"@id\":\"https:\\\/\\\/unterinnerhof.it\\\/de\\\/special-offer\\\/#breadcrumb\",\"itemListElement\":[{\"@type\":\"ListItem\",\"position\":1,\"name\":\"Home\",\"item\":\"https:\\\/\\\/unterinnerhof.it\\\/de\\\/\"},{\"@type\":\"ListItem\",\"position\":2,\"name\":\"Leidenschaft Motorrad\"}]},{\"@type\":\"WebSite\",\"@id\":\"https:\\\/\\\/unterinnerhof.it\\\/de\\\/#website\",\"url\":\"https:\\\/\\\/unterinnerhof.it\\\/de\\\/\",\"name\":\"Panoramahotel Unterinnerhof\",\"description\":\"Panoramahotel Unterinnerhof\",\"potentialAction\":[{\"@type\":\"SearchAction\",\"target\":{\"@type\":\"EntryPoint\",\"urlTemplate\":\"https:\\\/\\\/unterinnerhof.it\\\/de\\\/?s={search_term_string}\"},\"query-input\":{\"@type\":\"PropertyValueSpecification\",\"valueRequired\":true,\"valueName\":\"search_term_string\"}}],\"inLanguage\":\"de\"}]}<\/script>\n<!-- \/ Yoast SEO plugin. -->","yoast_head_json":{"title":"Leidenschaft Motorrad - Panoramahotel Unterinnerhof","robots":{"index":"index","follow":"follow","max-snippet":"max-snippet:-1","max-image-preview":"max-image-preview:large","max-video-preview":"max-video-preview:-1"},"canonical":"https:\/\/unterinnerhof.it\/de\/special-offer\/","og_locale":"de_DE","og_type":"article","og_title":"Leidenschaft Motorrad - Panoramahotel Unterinnerhof","og_description":"Leistungsstarker Urlaub in S\u00fcdtirol Motorradurlaub in S\u00fcdtirol im Bikehotel Linde am Ritten! Sie genie\u00dfen ein komfortables Hotel, nahe dem Dorfzentrum in ruhiger Lage; ein perfekter Ausgangspunkt f\u00fcr rasante Touren in ganz S\u00fcdtirol. Beginnen Sie Ihren Tag mit einem reichhaltigen Fr\u00fchst\u00fccksbuffet mit hausgemachten Schmankerln aus eigener K\u00fcche und eigenem Garten sowie mit regionalen Produkten. Dann sind [&hellip;]","og_url":"https:\/\/unterinnerhof.it\/de\/special-offer\/","og_site_name":"Panoramahotel Unterinnerhof","article_modified_time":"2021-06-24T10:54:35+00:00","og_image":[{"width":1544,"height":580,"url":"https:\/\/unterinnerhof.it\/wp-content\/uploads\/2021\/06\/moto-05.jpg","type":"image\/jpeg"}],"twitter_card":"summary_large_image","twitter_misc":{"Gesch\u00e4tzte Lesezeit":"2\u00a0Minuten"},"schema":{"@context":"https:\/\/schema.org","@graph":[{"@type":"WebPage","@id":"https:\/\/unterinnerhof.it\/de\/special-offer\/","url":"https:\/\/unterinnerhof.it\/de\/special-offer\/","name":"Leidenschaft Motorrad - Panoramahotel Unterinnerhof","isPartOf":{"@id":"https:\/\/unterinnerhof.it\/de\/#website"},"primaryImageOfPage":{"@id":"https:\/\/unterinnerhof.it\/de\/special-offer\/#primaryimage"},"image":{"@id":"https:\/\/unterinnerhof.it\/de\/special-offer\/#primaryimage"},"thumbnailUrl":"https:\/\/unterinnerhof.it\/wp-content\/uploads\/2021\/06\/moto-05.jpg","datePublished":"2021-06-24T10:44:51+00:00","dateModified":"2021-06-24T10:54:35+00:00","breadcrumb":{"@id":"https:\/\/unterinnerhof.it\/de\/special-offer\/#breadcrumb"},"inLanguage":"de","potentialAction":[{"@type":"ReadAction","target":["https:\/\/unterinnerhof.it\/de\/special-offer\/"]}]},{"@type":"ImageObject","inLanguage":"de","@id":"https:\/\/unterinnerhof.it\/de\/special-offer\/#primaryimage","url":"https:\/\/unterinnerhof.it\/wp-content\/uploads\/2021\/06\/moto-05.jpg","contentUrl":"https:\/\/unterinnerhof.it\/wp-content\/uploads\/2021\/06\/moto-05.jpg","width":1544,"height":580},{"@type":"BreadcrumbList","@id":"https:\/\/unterinnerhof.it\/de\/special-offer\/#breadcrumb","itemListElement":[{"@type":"ListItem","position":1,"name":"Home","item":"https:\/\/unterinnerhof.it\/de\/"},{"@type":"ListItem","position":2,"name":"Leidenschaft Motorrad"}]},{"@type":"WebSite","@id":"https:\/\/unterinnerhof.it\/de\/#website","url":"https:\/\/unterinnerhof.it\/de\/","name":"Panoramahotel Unterinnerhof","description":"Panoramahotel Unterinnerhof","potentialAction":[{"@type":"SearchAction","target":{"@type":"EntryPoint","urlTemplate":"https:\/\/unterinnerhof.it\/de\/?s={search_term_string}"},"query-input":{"@type":"PropertyValueSpecification","valueRequired":true,"valueName":"search_term_string"}}],"inLanguage":"de"}]}},"_links":{"self":[{"href":"https:\/\/unterinnerhof.it\/de\/wp-json\/wp\/v2\/pages\/217","targetHints":{"allow":["GET"]}}],"collection":[{"href":"https:\/\/unterinnerhof.it\/de\/wp-json\/wp\/v2\/pages"}],"about":[{"href":"https:\/\/unterinnerhof.it\/de\/wp-json\/wp\/v2\/types\/page"}],"author":[{"embeddable":true,"href":"https:\/\/unterinnerhof.it\/de\/wp-json\/wp\/v2\/users\/1"}],"replies":[{"embeddable":true,"href":"https:\/\/unterinnerhof.it\/de\/wp-json\/wp\/v2\/comments?post=217"}],"version-history":[{"count":3,"href":"https:\/\/unterinnerhof.it\/de\/wp-json\/wp\/v2\/pages\/217\/revisions"}],"predecessor-version":[{"id":225,"href":"https:\/\/unterinnerhof.it\/de\/wp-json\/wp\/v2\/pages\/217\/revisions\/225"}],"wp:featuredmedia":[{"embeddable":true,"href":"https:\/\/unterinnerhof.it\/de\/wp-json\/wp\/v2\/media\/219"}],"wp:attachment":[{"href":"https:\/\/unterinnerhof.it\/de\/wp-json\/wp\/v2\/media?parent=217"}],"curies":[{"name":"wp","href":"https:\/\/api.w.org\/{rel}","templated":true}]}}