{"id":121,"date":"2021-06-24T10:16:58","date_gmt":"2021-06-24T10:16:58","guid":{"rendered":"https:\/\/unterinnerhof.it\/?page_id=121"},"modified":"2024-07-24T17:18:14","modified_gmt":"2024-07-24T17:18:14","slug":"about-us","status":"publish","type":"page","link":"https:\/\/unterinnerhof.it\/de\/about-us\/","title":{"rendered":"\u00dcber uns"},"content":{"rendered":"\n<h3 class=\"wp-block-heading\">Panoramahotel Unterinnerhof - Hotel am Ritten<\/h3>\n\n<p>Unser Hotel liegt an der Stra\u00dfe zum Ritten, im Herzen S\u00fcdtirols. In einer atemberaubenden Naturlandschaft und in unmittelbarer N\u00e4he zu attraktiven Ausflugszielen genie\u00dfen Sie in unserem Hotel wundersch\u00f6ne Urlaubstage in S\u00fcdtirol.<\/p>\n\n<p><strong>Mit dem Auto<\/strong><br\/>&#13;\n&#13;\nVon Norden und S\u00fcden kommend verlassen Sie die Brennerautobahn A22 bei Bozen Nord und fahren dann auf der Landstra\u00dfe Richtung Norden. Bei Pl\u00e4tz am Eisack der Beschilderung Richtung Ritten folgen. Dort f\u00fchren Sie unsere hauseigenen Wegweiser zu unserem Hotel.<\/p>\n\n<p><strong>Mit dem Zug<\/strong><br\/>&#13;\n&#13;\nAlle einsteigen! Ziel: Bozen-Bozen. Von dort aus bringt Sie der Bus Nr. 165 st\u00fcndlich zu unserem Hotel Station Oberplatten.<\/p>\n\n<p><strong>mit dem Bus<\/strong><br\/>&#13;\n&#13;\nFernbusse verkehren auch nach Bozen. Weiterfahrt mit dem Regionalbus im Halbstundentakt zu unserem Hotel.<\/p>\n\n<figure class=\"wp-block-image size-large\"><img decoding=\"async\" width=\"1024\" height=\"683\" data-src=\"https:\/\/unterinnerhof.it\/wp-content\/uploads\/2021\/05\/IMG_E4099-1024x683.jpg\" alt=\"\" class=\"wp-image-38 lazyload\" data-srcset=\"https:\/\/unterinnerhof.it\/wp-content\/uploads\/2021\/05\/IMG_E4099-1024x683.jpg 1024w, https:\/\/unterinnerhof.it\/wp-content\/uploads\/2021\/05\/IMG_E4099-300x200.jpg 300w, https:\/\/unterinnerhof.it\/wp-content\/uploads\/2021\/05\/IMG_E4099-768x512.jpg 768w, https:\/\/unterinnerhof.it\/wp-content\/uploads\/2021\/05\/IMG_E4099-1536x1024.jpg 1536w, https:\/\/unterinnerhof.it\/wp-content\/uploads\/2021\/05\/IMG_E4099-2048x1365.jpg 2048w\" data-sizes=\"(max-width: 1024px) 100vw, 1024px\" src=\"data:image\/svg+xml;base64,PHN2ZyB3aWR0aD0iMSIgaGVpZ2h0PSIxIiB4bWxucz0iaHR0cDovL3d3dy53My5vcmcvMjAwMC9zdmciPjwvc3ZnPg==\" style=\"--smush-placeholder-width: 1024px; --smush-placeholder-aspect-ratio: 1024\/683;\" \/><\/figure>\n","protected":false},"excerpt":{"rendered":"<p>Panoramahotel Unterinnerhof - Hotel am Ritten Unser Hotel liegt an der Stra\u00dfe zum Ritten, im Herzen S\u00fcdtirols. In einer atemberaubenden Naturlandschaft und in unmittelbarer N\u00e4he zu attraktiven Ausflugszielen genie\u00dfen Sie in unserem Hotel wundersch\u00f6ne Urlaubstage in S\u00fcdtirol. Mit dem Auto&#13; &#13; Von Norden und S\u00fcden kommend verlassen Sie die Brennerautobahn A22 bei Bozen Nord und [&hellip;]<\/p>\n","protected":false},"author":1,"featured_media":0,"parent":0,"menu_order":0,"comment_status":"closed","ping_status":"closed","template":"","meta":{"footnotes":""},"class_list":["post-121","page","type-page","status-publish","hentry"],"yoast_head":"<!-- This site is optimized with the Yoast SEO plugin v27.5 - https:\/\/yoast.com\/product\/yoast-seo-wordpress\/ -->\n<title>\u00dcber uns - Panoramahotel Unterinnerhof<\/title>\n<meta name=\"robots\" content=\"index, follow, max-snippet:-1, max-image-preview:large, max-video-preview:-1\" \/>\n<link rel=\"canonical\" href=\"https:\/\/unterinnerhof.it\/de\/about-us\/\" \/>\n<meta property=\"og:locale\" content=\"de_DE\" \/>\n<meta property=\"og:type\" content=\"article\" \/>\n<meta property=\"og:title\" content=\"\u00dcber uns - Panoramahotel Unterinnerhof\" \/>\n<meta property=\"og:description\" content=\"Panoramahotel Unterinnerhof - Hotel am Ritten Unser Hotel liegt an der Stra\u00dfe zum Ritten, im Herzen S\u00fcdtirols. In einer atemberaubenden Naturlandschaft und in unmittelbarer N\u00e4he zu attraktiven Ausflugszielen genie\u00dfen Sie in unserem Hotel wundersch\u00f6ne Urlaubstage in S\u00fcdtirol. Mit dem Auto&#013; &#013; Von Norden und S\u00fcden kommend verlassen Sie die Brennerautobahn A22 bei Bozen Nord und [&hellip;]\" \/>\n<meta property=\"og:url\" content=\"https:\/\/unterinnerhof.it\/de\/about-us\/\" \/>\n<meta property=\"og:site_name\" content=\"Panoramahotel Unterinnerhof\" \/>\n<meta property=\"article:modified_time\" content=\"2024-07-24T17:18:14+00:00\" \/>\n<meta property=\"og:image\" content=\"https:\/\/unterinnerhof.it\/wp-content\/uploads\/2021\/05\/IMG_E4099-1024x683.jpg\" \/>\n<meta name=\"twitter:card\" content=\"summary_large_image\" \/>\n<meta name=\"twitter:label1\" content=\"Gesch\u00e4tzte Lesezeit\" \/>\n\t<meta name=\"twitter:data1\" content=\"1\u00a0Minute\" \/>\n<script type=\"application\/ld+json\" class=\"yoast-schema-graph\">{\"@context\":\"https:\\\/\\\/schema.org\",\"@graph\":[{\"@type\":\"WebPage\",\"@id\":\"https:\\\/\\\/unterinnerhof.it\\\/de\\\/about-us\\\/\",\"url\":\"https:\\\/\\\/unterinnerhof.it\\\/de\\\/about-us\\\/\",\"name\":\"\u00dcber uns - Panoramahotel Unterinnerhof\",\"isPartOf\":{\"@id\":\"https:\\\/\\\/unterinnerhof.it\\\/de\\\/#website\"},\"primaryImageOfPage\":{\"@id\":\"https:\\\/\\\/unterinnerhof.it\\\/de\\\/about-us\\\/#primaryimage\"},\"image\":{\"@id\":\"https:\\\/\\\/unterinnerhof.it\\\/de\\\/about-us\\\/#primaryimage\"},\"thumbnailUrl\":\"https:\\\/\\\/unterinnerhof.it\\\/wp-content\\\/uploads\\\/2021\\\/05\\\/IMG_E4099-1024x683.jpg\",\"datePublished\":\"2021-06-24T10:16:58+00:00\",\"dateModified\":\"2024-07-24T17:18:14+00:00\",\"breadcrumb\":{\"@id\":\"https:\\\/\\\/unterinnerhof.it\\\/de\\\/about-us\\\/#breadcrumb\"},\"inLanguage\":\"de\",\"potentialAction\":[{\"@type\":\"ReadAction\",\"target\":[\"https:\\\/\\\/unterinnerhof.it\\\/de\\\/about-us\\\/\"]}]},{\"@type\":\"ImageObject\",\"inLanguage\":\"de\",\"@id\":\"https:\\\/\\\/unterinnerhof.it\\\/de\\\/about-us\\\/#primaryimage\",\"url\":\"https:\\\/\\\/unterinnerhof.it\\\/wp-content\\\/uploads\\\/2021\\\/05\\\/IMG_E4099-1024x683.jpg\",\"contentUrl\":\"https:\\\/\\\/unterinnerhof.it\\\/wp-content\\\/uploads\\\/2021\\\/05\\\/IMG_E4099-1024x683.jpg\"},{\"@type\":\"BreadcrumbList\",\"@id\":\"https:\\\/\\\/unterinnerhof.it\\\/de\\\/about-us\\\/#breadcrumb\",\"itemListElement\":[{\"@type\":\"ListItem\",\"position\":1,\"name\":\"Home\",\"item\":\"https:\\\/\\\/unterinnerhof.it\\\/de\\\/\"},{\"@type\":\"ListItem\",\"position\":2,\"name\":\"\u00dcber uns\"}]},{\"@type\":\"WebSite\",\"@id\":\"https:\\\/\\\/unterinnerhof.it\\\/de\\\/#website\",\"url\":\"https:\\\/\\\/unterinnerhof.it\\\/de\\\/\",\"name\":\"Panoramahotel Unterinnerhof\",\"description\":\"Panoramahotel Unterinnerhof\",\"potentialAction\":[{\"@type\":\"SearchAction\",\"target\":{\"@type\":\"EntryPoint\",\"urlTemplate\":\"https:\\\/\\\/unterinnerhof.it\\\/de\\\/?s={search_term_string}\"},\"query-input\":{\"@type\":\"PropertyValueSpecification\",\"valueRequired\":true,\"valueName\":\"search_term_string\"}}],\"inLanguage\":\"de\"}]}<\/script>\n<!-- \/ Yoast SEO plugin. -->","yoast_head_json":{"title":"\u00dcber uns - Panoramahotel Unterinnerhof","robots":{"index":"index","follow":"follow","max-snippet":"max-snippet:-1","max-image-preview":"max-image-preview:large","max-video-preview":"max-video-preview:-1"},"canonical":"https:\/\/unterinnerhof.it\/de\/about-us\/","og_locale":"de_DE","og_type":"article","og_title":"\u00dcber uns - Panoramahotel Unterinnerhof","og_description":"Panoramahotel Unterinnerhof - Hotel am Ritten Unser Hotel liegt an der Stra\u00dfe zum Ritten, im Herzen S\u00fcdtirols. In einer atemberaubenden Naturlandschaft und in unmittelbarer N\u00e4he zu attraktiven Ausflugszielen genie\u00dfen Sie in unserem Hotel wundersch\u00f6ne Urlaubstage in S\u00fcdtirol. Mit dem Auto&#13; &#13; Von Norden und S\u00fcden kommend verlassen Sie die Brennerautobahn A22 bei Bozen Nord und [&hellip;]","og_url":"https:\/\/unterinnerhof.it\/de\/about-us\/","og_site_name":"Panoramahotel Unterinnerhof","article_modified_time":"2024-07-24T17:18:14+00:00","og_image":[{"url":"https:\/\/unterinnerhof.it\/wp-content\/uploads\/2021\/05\/IMG_E4099-1024x683.jpg","type":"","width":"","height":""}],"twitter_card":"summary_large_image","twitter_misc":{"Gesch\u00e4tzte Lesezeit":"1\u00a0Minute"},"schema":{"@context":"https:\/\/schema.org","@graph":[{"@type":"WebPage","@id":"https:\/\/unterinnerhof.it\/de\/about-us\/","url":"https:\/\/unterinnerhof.it\/de\/about-us\/","name":"\u00dcber uns - Panoramahotel Unterinnerhof","isPartOf":{"@id":"https:\/\/unterinnerhof.it\/de\/#website"},"primaryImageOfPage":{"@id":"https:\/\/unterinnerhof.it\/de\/about-us\/#primaryimage"},"image":{"@id":"https:\/\/unterinnerhof.it\/de\/about-us\/#primaryimage"},"thumbnailUrl":"https:\/\/unterinnerhof.it\/wp-content\/uploads\/2021\/05\/IMG_E4099-1024x683.jpg","datePublished":"2021-06-24T10:16:58+00:00","dateModified":"2024-07-24T17:18:14+00:00","breadcrumb":{"@id":"https:\/\/unterinnerhof.it\/de\/about-us\/#breadcrumb"},"inLanguage":"de","potentialAction":[{"@type":"ReadAction","target":["https:\/\/unterinnerhof.it\/de\/about-us\/"]}]},{"@type":"ImageObject","inLanguage":"de","@id":"https:\/\/unterinnerhof.it\/de\/about-us\/#primaryimage","url":"https:\/\/unterinnerhof.it\/wp-content\/uploads\/2021\/05\/IMG_E4099-1024x683.jpg","contentUrl":"https:\/\/unterinnerhof.it\/wp-content\/uploads\/2021\/05\/IMG_E4099-1024x683.jpg"},{"@type":"BreadcrumbList","@id":"https:\/\/unterinnerhof.it\/de\/about-us\/#breadcrumb","itemListElement":[{"@type":"ListItem","position":1,"name":"Home","item":"https:\/\/unterinnerhof.it\/de\/"},{"@type":"ListItem","position":2,"name":"\u00dcber uns"}]},{"@type":"WebSite","@id":"https:\/\/unterinnerhof.it\/de\/#website","url":"https:\/\/unterinnerhof.it\/de\/","name":"Panoramahotel Unterinnerhof","description":"Panoramahotel Unterinnerhof","potentialAction":[{"@type":"SearchAction","target":{"@type":"EntryPoint","urlTemplate":"https:\/\/unterinnerhof.it\/de\/?s={search_term_string}"},"query-input":{"@type":"PropertyValueSpecification","valueRequired":true,"valueName":"search_term_string"}}],"inLanguage":"de"}]}},"_links":{"self":[{"href":"https:\/\/unterinnerhof.it\/de\/wp-json\/wp\/v2\/pages\/121","targetHints":{"allow":["GET"]}}],"collection":[{"href":"https:\/\/unterinnerhof.it\/de\/wp-json\/wp\/v2\/pages"}],"about":[{"href":"https:\/\/unterinnerhof.it\/de\/wp-json\/wp\/v2\/types\/page"}],"author":[{"embeddable":true,"href":"https:\/\/unterinnerhof.it\/de\/wp-json\/wp\/v2\/users\/1"}],"replies":[{"embeddable":true,"href":"https:\/\/unterinnerhof.it\/de\/wp-json\/wp\/v2\/comments?post=121"}],"version-history":[{"count":17,"href":"https:\/\/unterinnerhof.it\/de\/wp-json\/wp\/v2\/pages\/121\/revisions"}],"predecessor-version":[{"id":319,"href":"https:\/\/unterinnerhof.it\/de\/wp-json\/wp\/v2\/pages\/121\/revisions\/319"}],"wp:attachment":[{"href":"https:\/\/unterinnerhof.it\/de\/wp-json\/wp\/v2\/media?parent=121"}],"curies":[{"name":"wp","href":"https:\/\/api.w.org\/{rel}","templated":true}]}}